{"id":2227,"date":"2023-03-21T13:41:11","date_gmt":"2023-03-21T13:41:11","guid":{"rendered":"http:\/\/dashxbzmjl.cfolks.pl\/szablon\/?post_type=product&#038;p=2227"},"modified":"2023-03-21T13:43:22","modified_gmt":"2023-03-21T13:43:22","slug":"e216","status":"publish","type":"product","link":"https:\/\/xprosec.pl\/en\/produkt\/e216\/","title":{"rendered":"E216"},"content":{"rendered":"<p>Monitor SIP 7&#8243;, Linux<\/p>\n<ul>\n<li>Ekran dotykowy 7&#8243; TFT 1024 x 600<\/li>\n<li>Komunikacja dwukierunkowa oparta na protokole SIP v2.0<\/li>\n<li>Zasilanie PoE lub z zewn\u0119trznego \u017a\u00f3d\u0142a 12Vdc<\/li>\n<li>Opcjonalnie dost\u0119pna podstawa na biurko<\/li>\n<\/ul>\n","protected":false},"excerpt":{"rendered":"<p>Monitor SIP 7&#8243;, Linux<\/p>\n","protected":false},"featured_media":2228,"template":"","meta":{"_mi_skip_tracking":false},"product_cat":[34],"product_tag":[],"class_list":["post-2227","product","type-product","status-publish","has-post-thumbnail","hentry","product_cat-bez-kategorii"],"aioseo_notices":[],"_links":{"self":[{"href":"https:\/\/xprosec.pl\/en\/wp-json\/wp\/v2\/product\/2227","targetHints":{"allow":["GET"]}}],"collection":[{"href":"https:\/\/xprosec.pl\/en\/wp-json\/wp\/v2\/product"}],"about":[{"href":"https:\/\/xprosec.pl\/en\/wp-json\/wp\/v2\/types\/product"}],"version-history":[{"count":1,"href":"https:\/\/xprosec.pl\/en\/wp-json\/wp\/v2\/product\/2227\/revisions"}],"predecessor-version":[{"id":2229,"href":"https:\/\/xprosec.pl\/en\/wp-json\/wp\/v2\/product\/2227\/revisions\/2229"}],"wp:featuredmedia":[{"embeddable":true,"href":"https:\/\/xprosec.pl\/en\/wp-json\/wp\/v2\/media\/2228"}],"wp:attachment":[{"href":"https:\/\/xprosec.pl\/en\/wp-json\/wp\/v2\/media?parent=2227"}],"wp:term":[{"taxonomy":"product_cat","embeddable":true,"href":"https:\/\/xprosec.pl\/en\/wp-json\/wp\/v2\/product_cat?post=2227"},{"taxonomy":"product_tag","embeddable":true,"href":"https:\/\/xprosec.pl\/en\/wp-json\/wp\/v2\/product_tag?post=2227"}],"curies":[{"name":"wp","href":"https:\/\/api.w.org\/{rel}","templated":true}]}}