{"id":2128,"date":"2023-03-17T12:59:17","date_gmt":"2023-03-17T12:59:17","guid":{"rendered":"http:\/\/dashxbzmjl.cfolks.pl\/szablon\/?post_type=product&#038;p=2128"},"modified":"2023-03-17T13:00:31","modified_gmt":"2023-03-17T13:00:31","slug":"prt-ath1","status":"publish","type":"product","link":"https:\/\/xprosec.pl\/en\/produkt\/prt-ath1\/","title":{"rendered":"PRT-ATH1"},"content":{"rendered":"<p>Czujnik temperatury i wilgotno\u015bci, w obudowie, RS485, pomiar temparatury, wilgotno\u015bci, punktu rosy i temperatury w zewn\u0119trznym punkcie (wymaga elementu PTC)<\/p>\n","protected":false},"excerpt":{"rendered":"<p>Czujnik temperatury i wilgotno\u015bci, w obudowie, RS485, pomiar temparatury, wilgotno\u015bci, punktu rosy i temperatury w zewn\u0119trznym punkcie (wymaga elementu PTC)<\/p>\n","protected":false},"featured_media":2129,"template":"","meta":{"_mi_skip_tracking":false},"product_cat":[35,113,84],"product_tag":[],"class_list":["post-2128","product","type-product","status-publish","has-post-thumbnail","hentry","product_cat-kontrola-dostepu-i-sswin","product_cat-kontrolery-wejsc-wyjsc-analogowych","product_cat-protege-gx"],"aioseo_notices":[],"_links":{"self":[{"href":"https:\/\/xprosec.pl\/en\/wp-json\/wp\/v2\/product\/2128","targetHints":{"allow":["GET"]}}],"collection":[{"href":"https:\/\/xprosec.pl\/en\/wp-json\/wp\/v2\/product"}],"about":[{"href":"https:\/\/xprosec.pl\/en\/wp-json\/wp\/v2\/types\/product"}],"version-history":[{"count":1,"href":"https:\/\/xprosec.pl\/en\/wp-json\/wp\/v2\/product\/2128\/revisions"}],"predecessor-version":[{"id":2130,"href":"https:\/\/xprosec.pl\/en\/wp-json\/wp\/v2\/product\/2128\/revisions\/2130"}],"wp:featuredmedia":[{"embeddable":true,"href":"https:\/\/xprosec.pl\/en\/wp-json\/wp\/v2\/media\/2129"}],"wp:attachment":[{"href":"https:\/\/xprosec.pl\/en\/wp-json\/wp\/v2\/media?parent=2128"}],"wp:term":[{"taxonomy":"product_cat","embeddable":true,"href":"https:\/\/xprosec.pl\/en\/wp-json\/wp\/v2\/product_cat?post=2128"},{"taxonomy":"product_tag","embeddable":true,"href":"https:\/\/xprosec.pl\/en\/wp-json\/wp\/v2\/product_tag?post=2128"}],"curies":[{"name":"wp","href":"https:\/\/api.w.org\/{rel}","templated":true}]}}