{"id":2126,"date":"2023-03-17T12:37:13","date_gmt":"2023-03-17T12:37:13","guid":{"rendered":"http:\/\/dashxbzmjl.cfolks.pl\/szablon\/?post_type=product&#038;p=2126"},"modified":"2026-01-09T10:40:12","modified_gmt":"2026-01-09T09:40:12","slug":"prt-psu-din-8a","status":"publish","type":"product","link":"https:\/\/xprosec.pl\/en\/produkt\/prt-psu-din-8a\/","title":{"rendered":"PRT-PSU-DIN-8A"},"content":{"rendered":"<p>Inteligentny zasilacz systemowy Protege, 12V\/8A, inteligentna i zaawansowana kontrola parametr\u00f3w pracy, bezpo\u015brednie pod\u0142\u0105czenie do sieci 230VAC, wersja DIN<\/p>\n","protected":false},"excerpt":{"rendered":"<p>Inteligentny zasilacz systemowy Protege, 12V\/8A, inteligentna i zaawansowana kontrola parametr\u00f3w pracy, bezpo\u015brednie pod\u0142\u0105czenie do sieci 230VAC, wersja DIN<\/p>\n","protected":false},"featured_media":2124,"template":"","meta":{"_mi_skip_tracking":false},"product_cat":[35,84,114],"product_tag":[],"class_list":["post-2126","product","type-product","status-publish","has-post-thumbnail","hentry","product_cat-kontrola-dostepu-i-sswin","product_cat-protege-gx","product_cat-zasilacze"],"aioseo_notices":[],"_links":{"self":[{"href":"https:\/\/xprosec.pl\/en\/wp-json\/wp\/v2\/product\/2126","targetHints":{"allow":["GET"]}}],"collection":[{"href":"https:\/\/xprosec.pl\/en\/wp-json\/wp\/v2\/product"}],"about":[{"href":"https:\/\/xprosec.pl\/en\/wp-json\/wp\/v2\/types\/product"}],"version-history":[{"count":1,"href":"https:\/\/xprosec.pl\/en\/wp-json\/wp\/v2\/product\/2126\/revisions"}],"predecessor-version":[{"id":2127,"href":"https:\/\/xprosec.pl\/en\/wp-json\/wp\/v2\/product\/2126\/revisions\/2127"}],"wp:featuredmedia":[{"embeddable":true,"href":"https:\/\/xprosec.pl\/en\/wp-json\/wp\/v2\/media\/2124"}],"wp:attachment":[{"href":"https:\/\/xprosec.pl\/en\/wp-json\/wp\/v2\/media?parent=2126"}],"wp:term":[{"taxonomy":"product_cat","embeddable":true,"href":"https:\/\/xprosec.pl\/en\/wp-json\/wp\/v2\/product_cat?post=2126"},{"taxonomy":"product_tag","embeddable":true,"href":"https:\/\/xprosec.pl\/en\/wp-json\/wp\/v2\/product_tag?post=2126"}],"curies":[{"name":"wp","href":"https:\/\/api.w.org\/{rel}","templated":true}]}}