{"id":2123,"date":"2023-03-17T12:35:13","date_gmt":"2023-03-17T12:35:13","guid":{"rendered":"http:\/\/dashxbzmjl.cfolks.pl\/szablon\/?post_type=product&#038;p=2123"},"modified":"2026-01-09T10:38:15","modified_gmt":"2026-01-09T09:38:15","slug":"prt-psu-din-4a","status":"publish","type":"product","link":"https:\/\/xprosec.pl\/en\/produkt\/prt-psu-din-4a\/","title":{"rendered":"PRT-PSU-DIN-4A"},"content":{"rendered":"<p>Inteligentny zasilacz systemowy Protege, 12V\/4A, inteligentna i zaawansowana kontrola parametr\u00f3w pracy, bezpo\u015brednie pod\u0142\u0105czenie do sieci 230VAC, wersja DIN<\/p>\n","protected":false},"excerpt":{"rendered":"<p>Inteligentny zasilacz systemowy Protege, 12V\/4A, inteligentna i zaawansowana kontrola parametr\u00f3w pracy, bezpo\u015brednie pod\u0142\u0105czenie do sieci 230VAC, wersja DIN<\/p>\n","protected":false},"featured_media":2124,"template":"","meta":{"_mi_skip_tracking":false},"product_cat":[35,84,114],"product_tag":[],"class_list":["post-2123","product","type-product","status-publish","has-post-thumbnail","hentry","product_cat-kontrola-dostepu-i-sswin","product_cat-protege-gx","product_cat-zasilacze"],"aioseo_notices":[],"_links":{"self":[{"href":"https:\/\/xprosec.pl\/en\/wp-json\/wp\/v2\/product\/2123","targetHints":{"allow":["GET"]}}],"collection":[{"href":"https:\/\/xprosec.pl\/en\/wp-json\/wp\/v2\/product"}],"about":[{"href":"https:\/\/xprosec.pl\/en\/wp-json\/wp\/v2\/types\/product"}],"version-history":[{"count":1,"href":"https:\/\/xprosec.pl\/en\/wp-json\/wp\/v2\/product\/2123\/revisions"}],"predecessor-version":[{"id":2125,"href":"https:\/\/xprosec.pl\/en\/wp-json\/wp\/v2\/product\/2123\/revisions\/2125"}],"wp:featuredmedia":[{"embeddable":true,"href":"https:\/\/xprosec.pl\/en\/wp-json\/wp\/v2\/media\/2124"}],"wp:attachment":[{"href":"https:\/\/xprosec.pl\/en\/wp-json\/wp\/v2\/media?parent=2123"}],"wp:term":[{"taxonomy":"product_cat","embeddable":true,"href":"https:\/\/xprosec.pl\/en\/wp-json\/wp\/v2\/product_cat?post=2123"},{"taxonomy":"product_tag","embeddable":true,"href":"https:\/\/xprosec.pl\/en\/wp-json\/wp\/v2\/product_tag?post=2123"}],"curies":[{"name":"wp","href":"https:\/\/api.w.org\/{rel}","templated":true}]}}