{"id":2114,"date":"2023-03-17T12:18:00","date_gmt":"2023-03-17T12:18:00","guid":{"rendered":"http:\/\/dashxbzmjl.cfolks.pl\/szablon\/?post_type=product&#038;p=2114"},"modified":"2023-03-17T12:26:13","modified_gmt":"2023-03-17T12:26:13","slug":"prt-zx1","status":"publish","type":"product","link":"https:\/\/xprosec.pl\/en\/produkt\/prt-zx1\/","title":{"rendered":"PRT-ZX1"},"content":{"rendered":"<p>Ekspander 1 wej\u015bcie alarmowe, bardzo ma\u0142y modu\u0142, mo\u017ce by\u0107 umieszczony wewn\u0105trz czujnika PIR<\/p>\n","protected":false},"excerpt":{"rendered":"<p>Ekspander 1 wej\u015bcie alarmowe, bardzo ma\u0142y modu\u0142, mo\u017ce by\u0107 umieszczony wewn\u0105trz czujnika PIR<\/p>\n","protected":false},"featured_media":2115,"template":"","meta":{"_mi_skip_tracking":false},"product_cat":[93,35,84],"product_tag":[],"class_list":["post-2114","product","type-product","status-publish","has-post-thumbnail","hentry","product_cat-ekspandery-wejsc-wyjsc","product_cat-kontrola-dostepu-i-sswin","product_cat-protege-gx"],"aioseo_notices":[],"_links":{"self":[{"href":"https:\/\/xprosec.pl\/en\/wp-json\/wp\/v2\/product\/2114","targetHints":{"allow":["GET"]}}],"collection":[{"href":"https:\/\/xprosec.pl\/en\/wp-json\/wp\/v2\/product"}],"about":[{"href":"https:\/\/xprosec.pl\/en\/wp-json\/wp\/v2\/types\/product"}],"version-history":[{"count":1,"href":"https:\/\/xprosec.pl\/en\/wp-json\/wp\/v2\/product\/2114\/revisions"}],"predecessor-version":[{"id":2116,"href":"https:\/\/xprosec.pl\/en\/wp-json\/wp\/v2\/product\/2114\/revisions\/2116"}],"wp:featuredmedia":[{"embeddable":true,"href":"https:\/\/xprosec.pl\/en\/wp-json\/wp\/v2\/media\/2115"}],"wp:attachment":[{"href":"https:\/\/xprosec.pl\/en\/wp-json\/wp\/v2\/media?parent=2114"}],"wp:term":[{"taxonomy":"product_cat","embeddable":true,"href":"https:\/\/xprosec.pl\/en\/wp-json\/wp\/v2\/product_cat?post=2114"},{"taxonomy":"product_tag","embeddable":true,"href":"https:\/\/xprosec.pl\/en\/wp-json\/wp\/v2\/product_tag?post=2114"}],"curies":[{"name":"wp","href":"https:\/\/api.w.org\/{rel}","templated":true}]}}