{"id":2107,"date":"2023-03-17T12:04:25","date_gmt":"2023-03-17T12:04:25","guid":{"rendered":"http:\/\/dashxbzmjl.cfolks.pl\/szablon\/?post_type=product&#038;p=2107"},"modified":"2026-01-09T10:22:09","modified_gmt":"2026-01-09T09:22:09","slug":"prt-px8-din","status":"publish","type":"product","link":"https:\/\/xprosec.pl\/en\/produkt\/prt-px8-din\/","title":{"rendered":"PRT-PX8-DIN"},"content":{"rendered":"<p>Ekspander 8 wyj\u015b\u0107 przeka\u017anikowych, wersja DIN<\/p>\n","protected":false},"excerpt":{"rendered":"<p>Ekspander 8 wyj\u015b\u0107 przeka\u017anikowych, wersja DIN<\/p>\n","protected":false},"featured_media":2108,"template":"","meta":{"_mi_skip_tracking":false},"product_cat":[93,35,84],"product_tag":[],"class_list":["post-2107","product","type-product","status-publish","has-post-thumbnail","hentry","product_cat-ekspandery-wejsc-wyjsc","product_cat-kontrola-dostepu-i-sswin","product_cat-protege-gx"],"aioseo_notices":[],"_links":{"self":[{"href":"https:\/\/xprosec.pl\/en\/wp-json\/wp\/v2\/product\/2107","targetHints":{"allow":["GET"]}}],"collection":[{"href":"https:\/\/xprosec.pl\/en\/wp-json\/wp\/v2\/product"}],"about":[{"href":"https:\/\/xprosec.pl\/en\/wp-json\/wp\/v2\/types\/product"}],"version-history":[{"count":1,"href":"https:\/\/xprosec.pl\/en\/wp-json\/wp\/v2\/product\/2107\/revisions"}],"predecessor-version":[{"id":2109,"href":"https:\/\/xprosec.pl\/en\/wp-json\/wp\/v2\/product\/2107\/revisions\/2109"}],"wp:featuredmedia":[{"embeddable":true,"href":"https:\/\/xprosec.pl\/en\/wp-json\/wp\/v2\/media\/2108"}],"wp:attachment":[{"href":"https:\/\/xprosec.pl\/en\/wp-json\/wp\/v2\/media?parent=2107"}],"wp:term":[{"taxonomy":"product_cat","embeddable":true,"href":"https:\/\/xprosec.pl\/en\/wp-json\/wp\/v2\/product_cat?post=2107"},{"taxonomy":"product_tag","embeddable":true,"href":"https:\/\/xprosec.pl\/en\/wp-json\/wp\/v2\/product_tag?post=2107"}],"curies":[{"name":"wp","href":"https:\/\/api.w.org\/{rel}","templated":true}]}}