{"id":2104,"date":"2023-03-17T12:02:42","date_gmt":"2023-03-17T12:02:42","guid":{"rendered":"http:\/\/dashxbzmjl.cfolks.pl\/szablon\/?post_type=product&#038;p=2104"},"modified":"2026-01-09T10:27:23","modified_gmt":"2026-01-09T09:27:23","slug":"prt-iso16-din","status":"publish","type":"product","link":"https:\/\/xprosec.pl\/en\/produkt\/prt-iso16-din\/","title":{"rendered":"PRT-ISO16-DIN"},"content":{"rendered":"<p>Ekspander 16 wej\u015b\u0107 izolowanych galwanicznie, 4 wyj\u015bcia, wersja DIN<\/p>\n","protected":false},"excerpt":{"rendered":"<p>Ekspander 16 wej\u015b\u0107 izolowanych galwanicznie, 4 wyj\u015bcia, wersja DIN<\/p>\n","protected":false},"featured_media":2105,"template":"","meta":{"_mi_skip_tracking":false},"product_cat":[93,35,84],"product_tag":[],"class_list":["post-2104","product","type-product","status-publish","has-post-thumbnail","hentry","product_cat-ekspandery-wejsc-wyjsc","product_cat-kontrola-dostepu-i-sswin","product_cat-protege-gx"],"aioseo_notices":[],"_links":{"self":[{"href":"https:\/\/xprosec.pl\/en\/wp-json\/wp\/v2\/product\/2104","targetHints":{"allow":["GET"]}}],"collection":[{"href":"https:\/\/xprosec.pl\/en\/wp-json\/wp\/v2\/product"}],"about":[{"href":"https:\/\/xprosec.pl\/en\/wp-json\/wp\/v2\/types\/product"}],"version-history":[{"count":1,"href":"https:\/\/xprosec.pl\/en\/wp-json\/wp\/v2\/product\/2104\/revisions"}],"predecessor-version":[{"id":2106,"href":"https:\/\/xprosec.pl\/en\/wp-json\/wp\/v2\/product\/2104\/revisions\/2106"}],"wp:featuredmedia":[{"embeddable":true,"href":"https:\/\/xprosec.pl\/en\/wp-json\/wp\/v2\/media\/2105"}],"wp:attachment":[{"href":"https:\/\/xprosec.pl\/en\/wp-json\/wp\/v2\/media?parent=2104"}],"wp:term":[{"taxonomy":"product_cat","embeddable":true,"href":"https:\/\/xprosec.pl\/en\/wp-json\/wp\/v2\/product_cat?post=2104"},{"taxonomy":"product_tag","embeddable":true,"href":"https:\/\/xprosec.pl\/en\/wp-json\/wp\/v2\/product_tag?post=2104"}],"curies":[{"name":"wp","href":"https:\/\/api.w.org\/{rel}","templated":true}]}}