{"id":2101,"date":"2023-03-17T12:00:17","date_gmt":"2023-03-17T12:00:17","guid":{"rendered":"http:\/\/dashxbzmjl.cfolks.pl\/szablon\/?post_type=product&#038;p=2101"},"modified":"2026-01-09T10:30:04","modified_gmt":"2026-01-09T09:30:04","slug":"prt-io84-din","status":"publish","type":"product","link":"https:\/\/xprosec.pl\/en\/produkt\/prt-io84-din\/","title":{"rendered":"PRT-IO84-DIN"},"content":{"rendered":"<p>Ekspander 8 wej\u015b\u0107, 4 wyj\u015bcia, wersja DIN<\/p>\n","protected":false},"excerpt":{"rendered":"<p>Ekspander 8 wej\u015b\u0107, 4 wyj\u015bcia, wersja DIN<\/p>\n","protected":false},"featured_media":2102,"template":"","meta":{"_mi_skip_tracking":false},"product_cat":[93,35,84],"product_tag":[],"class_list":["post-2101","product","type-product","status-publish","has-post-thumbnail","hentry","product_cat-ekspandery-wejsc-wyjsc","product_cat-kontrola-dostepu-i-sswin","product_cat-protege-gx"],"aioseo_notices":[],"_links":{"self":[{"href":"https:\/\/xprosec.pl\/en\/wp-json\/wp\/v2\/product\/2101","targetHints":{"allow":["GET"]}}],"collection":[{"href":"https:\/\/xprosec.pl\/en\/wp-json\/wp\/v2\/product"}],"about":[{"href":"https:\/\/xprosec.pl\/en\/wp-json\/wp\/v2\/types\/product"}],"version-history":[{"count":1,"href":"https:\/\/xprosec.pl\/en\/wp-json\/wp\/v2\/product\/2101\/revisions"}],"predecessor-version":[{"id":2103,"href":"https:\/\/xprosec.pl\/en\/wp-json\/wp\/v2\/product\/2101\/revisions\/2103"}],"wp:featuredmedia":[{"embeddable":true,"href":"https:\/\/xprosec.pl\/en\/wp-json\/wp\/v2\/media\/2102"}],"wp:attachment":[{"href":"https:\/\/xprosec.pl\/en\/wp-json\/wp\/v2\/media?parent=2101"}],"wp:term":[{"taxonomy":"product_cat","embeddable":true,"href":"https:\/\/xprosec.pl\/en\/wp-json\/wp\/v2\/product_cat?post=2101"},{"taxonomy":"product_tag","embeddable":true,"href":"https:\/\/xprosec.pl\/en\/wp-json\/wp\/v2\/product_tag?post=2101"}],"curies":[{"name":"wp","href":"https:\/\/api.w.org\/{rel}","templated":true}]}}