{"id":2089,"date":"2023-03-17T11:40:22","date_gmt":"2023-03-17T11:40:22","guid":{"rendered":"http:\/\/dashxbzmjl.cfolks.pl\/szablon\/?post_type=product&#038;p=2089"},"modified":"2026-01-09T09:58:50","modified_gmt":"2026-01-09T08:58:50","slug":"prt-ctrl-din-1d-poe","status":"publish","type":"product","link":"https:\/\/xprosec.pl\/en\/produkt\/prt-ctrl-din-1d-poe\/","title":{"rendered":"PRT-CTRL-DIN-1D-POE"},"content":{"rendered":"<p>Kontroler systemowy ProtegeGX, wersja DIN POE+<\/p>\n<p>Zaawansowany kontroler systemowy integruj\u0105cy funkcje kontroli dost\u0119pu, SSWiN, automatyki, i inne.<\/p>\n<p>Podstawowa jednostka sprz\u0119towa systemu ProtegeGX, wbudowany port RS485 dla 2 czytnik\u00f3w obs\u0142uguj\u0105cych jedne drzwi, 2 wej\u015bcia, 1 wyj\u015bcie przeka\u017anikowe, port LAN, RS485<\/p>\n","protected":false},"excerpt":{"rendered":"<p>Kontroler systemowy ProtegeGX, wersja DIN POE+<\/p>\n","protected":false},"featured_media":2078,"template":"","meta":{"_mi_skip_tracking":false},"product_cat":[35,91,84],"product_tag":[],"class_list":["post-2089","product","type-product","status-publish","has-post-thumbnail","hentry","product_cat-kontrola-dostepu-i-sswin","product_cat-kontrolery-glowne","product_cat-protege-gx"],"aioseo_notices":[],"_links":{"self":[{"href":"https:\/\/xprosec.pl\/en\/wp-json\/wp\/v2\/product\/2089","targetHints":{"allow":["GET"]}}],"collection":[{"href":"https:\/\/xprosec.pl\/en\/wp-json\/wp\/v2\/product"}],"about":[{"href":"https:\/\/xprosec.pl\/en\/wp-json\/wp\/v2\/types\/product"}],"version-history":[{"count":2,"href":"https:\/\/xprosec.pl\/en\/wp-json\/wp\/v2\/product\/2089\/revisions"}],"predecessor-version":[{"id":5069,"href":"https:\/\/xprosec.pl\/en\/wp-json\/wp\/v2\/product\/2089\/revisions\/5069"}],"wp:featuredmedia":[{"embeddable":true,"href":"https:\/\/xprosec.pl\/en\/wp-json\/wp\/v2\/media\/2078"}],"wp:attachment":[{"href":"https:\/\/xprosec.pl\/en\/wp-json\/wp\/v2\/media?parent=2089"}],"wp:term":[{"taxonomy":"product_cat","embeddable":true,"href":"https:\/\/xprosec.pl\/en\/wp-json\/wp\/v2\/product_cat?post=2089"},{"taxonomy":"product_tag","embeddable":true,"href":"https:\/\/xprosec.pl\/en\/wp-json\/wp\/v2\/product_tag?post=2089"}],"curies":[{"name":"wp","href":"https:\/\/api.w.org\/{rel}","templated":true}]}}