{"id":2086,"date":"2023-03-17T11:27:39","date_gmt":"2023-03-17T11:27:39","guid":{"rendered":"http:\/\/dashxbzmjl.cfolks.pl\/szablon\/?post_type=product&#038;p=2086"},"modified":"2023-03-17T11:32:22","modified_gmt":"2023-03-17T11:32:22","slug":"prt-f2f8-din","status":"publish","type":"product","link":"https:\/\/xprosec.pl\/en\/produkt\/prt-f2f8-din\/","title":{"rendered":"PRT-F2F8-DIN"},"content":{"rendered":"<p>Ekspander dla czytnik\u00f3w CasiRusco, HALF DIN 8 port\u00f3w czytnik\u00f3w F\/2F<\/p>\n","protected":false},"excerpt":{"rendered":"<p>Ekspander dla czytnik\u00f3w CasiRusco, HALF DIN 8 port\u00f3w czytnik\u00f3w F\/2F<\/p>\n","protected":false},"featured_media":2087,"template":"","meta":{"_mi_skip_tracking":false},"product_cat":[35,92,84],"product_tag":[],"class_list":["post-2086","product","type-product","status-publish","has-post-thumbnail","hentry","product_cat-kontrola-dostepu-i-sswin","product_cat-kontrolery-przejsc","product_cat-protege-gx"],"aioseo_notices":[],"_links":{"self":[{"href":"https:\/\/xprosec.pl\/en\/wp-json\/wp\/v2\/product\/2086","targetHints":{"allow":["GET"]}}],"collection":[{"href":"https:\/\/xprosec.pl\/en\/wp-json\/wp\/v2\/product"}],"about":[{"href":"https:\/\/xprosec.pl\/en\/wp-json\/wp\/v2\/types\/product"}],"version-history":[{"count":1,"href":"https:\/\/xprosec.pl\/en\/wp-json\/wp\/v2\/product\/2086\/revisions"}],"predecessor-version":[{"id":2088,"href":"https:\/\/xprosec.pl\/en\/wp-json\/wp\/v2\/product\/2086\/revisions\/2088"}],"wp:featuredmedia":[{"embeddable":true,"href":"https:\/\/xprosec.pl\/en\/wp-json\/wp\/v2\/media\/2087"}],"wp:attachment":[{"href":"https:\/\/xprosec.pl\/en\/wp-json\/wp\/v2\/media?parent=2086"}],"wp:term":[{"taxonomy":"product_cat","embeddable":true,"href":"https:\/\/xprosec.pl\/en\/wp-json\/wp\/v2\/product_cat?post=2086"},{"taxonomy":"product_tag","embeddable":true,"href":"https:\/\/xprosec.pl\/en\/wp-json\/wp\/v2\/product_tag?post=2086"}],"curies":[{"name":"wp","href":"https:\/\/api.w.org\/{rel}","templated":true}]}}