{"id":2080,"date":"2023-03-17T11:22:55","date_gmt":"2023-03-17T11:22:55","guid":{"rendered":"http:\/\/dashxbzmjl.cfolks.pl\/szablon\/?post_type=product&#038;p=2080"},"modified":"2026-01-09T10:12:19","modified_gmt":"2026-01-09T09:12:19","slug":"prt-rdm2-din-485","status":"publish","type":"product","link":"https:\/\/xprosec.pl\/en\/produkt\/prt-rdm2-din-485\/","title":{"rendered":"PRT-RDM2-DIN-485"},"content":{"rendered":"<p>Ekspander 2 przej\u015b\u0107 jedno lub dwustronnych, wersja DIN, obs\u0142uga czytnik\u00f3w RS485, OSDP, Wiegand, 8 wej\u015b\u0107, 2 wyj\u015bcia przeka\u017anikowe, 6 wyj\u015b\u0107 OC<\/p>\n","protected":false},"excerpt":{"rendered":"<p>Ekspander 2 przej\u015b\u0107 jedno lub dwustronnych, wersja DIN, obs\u0142uga czytnik\u00f3w RS485, OSDP, Wiegand, 8 wej\u015b\u0107, 2 wyj\u015bcia przeka\u017anikowe, 6 wyj\u015b\u0107 OC<\/p>\n","protected":false},"featured_media":2081,"template":"","meta":{"_mi_skip_tracking":false},"product_cat":[35,92,84],"product_tag":[],"class_list":["post-2080","product","type-product","status-publish","has-post-thumbnail","hentry","product_cat-kontrola-dostepu-i-sswin","product_cat-kontrolery-przejsc","product_cat-protege-gx"],"aioseo_notices":[],"_links":{"self":[{"href":"https:\/\/xprosec.pl\/en\/wp-json\/wp\/v2\/product\/2080","targetHints":{"allow":["GET"]}}],"collection":[{"href":"https:\/\/xprosec.pl\/en\/wp-json\/wp\/v2\/product"}],"about":[{"href":"https:\/\/xprosec.pl\/en\/wp-json\/wp\/v2\/types\/product"}],"version-history":[{"count":1,"href":"https:\/\/xprosec.pl\/en\/wp-json\/wp\/v2\/product\/2080\/revisions"}],"predecessor-version":[{"id":2082,"href":"https:\/\/xprosec.pl\/en\/wp-json\/wp\/v2\/product\/2080\/revisions\/2082"}],"wp:featuredmedia":[{"embeddable":true,"href":"https:\/\/xprosec.pl\/en\/wp-json\/wp\/v2\/media\/2081"}],"wp:attachment":[{"href":"https:\/\/xprosec.pl\/en\/wp-json\/wp\/v2\/media?parent=2080"}],"wp:term":[{"taxonomy":"product_cat","embeddable":true,"href":"https:\/\/xprosec.pl\/en\/wp-json\/wp\/v2\/product_cat?post=2080"},{"taxonomy":"product_tag","embeddable":true,"href":"https:\/\/xprosec.pl\/en\/wp-json\/wp\/v2\/product_tag?post=2080"}],"curies":[{"name":"wp","href":"https:\/\/api.w.org\/{rel}","templated":true}]}}