{"id":2072,"date":"2023-03-17T11:06:04","date_gmt":"2023-03-17T11:06:04","guid":{"rendered":"http:\/\/dashxbzmjl.cfolks.pl\/szablon\/?post_type=product&#038;p=2072"},"modified":"2026-01-09T10:02:37","modified_gmt":"2026-01-09T09:02:37","slug":"prt-ctrl-din","status":"publish","type":"product","link":"https:\/\/xprosec.pl\/en\/produkt\/prt-ctrl-din\/","title":{"rendered":"PRT-CTRL-DIN"},"content":{"rendered":"<p>Kontroler systemowy ProtegeGX, wersja DIN<\/p>\n<p>Zaawansowany kontroler systemowy integruj\u0105cy funkcje kontroli dost\u0119pu, SSWiN, automatyki, i inne.<\/p>\n<p>Podstawowa jednostka sprz\u0119towa systemu ProtegeGX, 8 wej\u015b\u0107, 2 porty czytnik\u00f3w dla obs\u0142ugi dw\u00f3ch przej\u015b\u0107 dwustronnych, 2 wyj\u015bcia przeka\u017anikowe, 1 wyj\u015bcie nadzorowane syreny, 4 wyj\u015bcia OC, port LAN, RS485, <span style=\"color: #ff0000;\">dialer telefoniczny<\/span><\/p>\n","protected":false},"excerpt":{"rendered":"<p>Kontroler systemowy ProtegeGX, wersja DIN, <span style=\"color: #ff0000;\">dialer telefoniczny<\/span><\/p>\n","protected":false},"featured_media":2075,"template":"","meta":{"_mi_skip_tracking":false},"product_cat":[35,91,84],"product_tag":[187,188,186,189,185],"class_list":["post-2072","product","type-product","status-publish","has-post-thumbnail","hentry","product_cat-kontrola-dostepu-i-sswin","product_cat-kontrolery-glowne","product_cat-protege-gx","product_tag-ict","product_tag-kontrola-dostepu","product_tag-kontroler","product_tag-protege","product_tag-prt-ctrl-din"],"aioseo_notices":[],"_links":{"self":[{"href":"https:\/\/xprosec.pl\/en\/wp-json\/wp\/v2\/product\/2072","targetHints":{"allow":["GET"]}}],"collection":[{"href":"https:\/\/xprosec.pl\/en\/wp-json\/wp\/v2\/product"}],"about":[{"href":"https:\/\/xprosec.pl\/en\/wp-json\/wp\/v2\/types\/product"}],"version-history":[{"count":2,"href":"https:\/\/xprosec.pl\/en\/wp-json\/wp\/v2\/product\/2072\/revisions"}],"predecessor-version":[{"id":2512,"href":"https:\/\/xprosec.pl\/en\/wp-json\/wp\/v2\/product\/2072\/revisions\/2512"}],"wp:featuredmedia":[{"embeddable":true,"href":"https:\/\/xprosec.pl\/en\/wp-json\/wp\/v2\/media\/2075"}],"wp:attachment":[{"href":"https:\/\/xprosec.pl\/en\/wp-json\/wp\/v2\/media?parent=2072"}],"wp:term":[{"taxonomy":"product_cat","embeddable":true,"href":"https:\/\/xprosec.pl\/en\/wp-json\/wp\/v2\/product_cat?post=2072"},{"taxonomy":"product_tag","embeddable":true,"href":"https:\/\/xprosec.pl\/en\/wp-json\/wp\/v2\/product_tag?post=2072"}],"curies":[{"name":"wp","href":"https:\/\/api.w.org\/{rel}","templated":true}]}}