{"id":2069,"date":"2023-03-17T10:56:38","date_gmt":"2023-03-17T10:56:38","guid":{"rendered":"http:\/\/dashxbzmjl.cfolks.pl\/szablon\/?post_type=product&#038;p=2069"},"modified":"2026-01-09T10:06:35","modified_gmt":"2026-01-09T09:06:35","slug":"prt-ctrl-din-ip","status":"publish","type":"product","link":"https:\/\/xprosec.pl\/en\/produkt\/prt-ctrl-din-ip\/","title":{"rendered":"PRT-CTRL-DIN-IP"},"content":{"rendered":"<p>Kontroler systemowy ProtegeGX, wersja DIN &#8211; bez dialera telefonicznego.<\/p>\n<p>Zaawansowany kontroler systemowy integruj\u0105cy funkcje kontroli dost\u0119pu, SSWiN, automatyki, i inne.<\/p>\n<p>Podstawowa jednostka sprz\u0119towa systemu ProtegeGX, 8 wej\u015b\u0107, 2 porty czytnik\u00f3w dla obs\u0142ugi dw\u00f3ch przej\u015b\u0107 dwustronnych, 2 wyj\u015bcia przeka\u017anikowe, 1 wyj\u015bcie nadzorowane syreny, 4 wyj\u015bcia OC, port LAN, RS485<\/p>\n","protected":false},"excerpt":{"rendered":"<p>Kontroler systemowy ProtegeGX, wersja DIN &#8211; bez dialera telefonicznego.<\/p>\n","protected":false},"featured_media":2074,"template":"","meta":{"_mi_skip_tracking":false},"product_cat":[35,91,84],"product_tag":[],"class_list":["post-2069","product","type-product","status-publish","has-post-thumbnail","hentry","product_cat-kontrola-dostepu-i-sswin","product_cat-kontrolery-glowne","product_cat-protege-gx"],"aioseo_notices":[],"_links":{"self":[{"href":"https:\/\/xprosec.pl\/en\/wp-json\/wp\/v2\/product\/2069","targetHints":{"allow":["GET"]}}],"collection":[{"href":"https:\/\/xprosec.pl\/en\/wp-json\/wp\/v2\/product"}],"about":[{"href":"https:\/\/xprosec.pl\/en\/wp-json\/wp\/v2\/types\/product"}],"version-history":[{"count":1,"href":"https:\/\/xprosec.pl\/en\/wp-json\/wp\/v2\/product\/2069\/revisions"}],"predecessor-version":[{"id":2071,"href":"https:\/\/xprosec.pl\/en\/wp-json\/wp\/v2\/product\/2069\/revisions\/2071"}],"wp:featuredmedia":[{"embeddable":true,"href":"https:\/\/xprosec.pl\/en\/wp-json\/wp\/v2\/media\/2074"}],"wp:attachment":[{"href":"https:\/\/xprosec.pl\/en\/wp-json\/wp\/v2\/media?parent=2069"}],"wp:term":[{"taxonomy":"product_cat","embeddable":true,"href":"https:\/\/xprosec.pl\/en\/wp-json\/wp\/v2\/product_cat?post=2069"},{"taxonomy":"product_tag","embeddable":true,"href":"https:\/\/xprosec.pl\/en\/wp-json\/wp\/v2\/product_tag?post=2069"}],"curies":[{"name":"wp","href":"https:\/\/api.w.org\/{rel}","templated":true}]}}