{"id":3350,"date":"2022-08-22T05:23:43","date_gmt":"2022-08-22T04:23:43","guid":{"rendered":"http:\/\/dashxbzmjl.cfolks.pl\/szablon\/contact\/"},"modified":"2024-03-06T14:10:12","modified_gmt":"2024-03-06T13:10:12","slug":"contact","status":"publish","type":"page","link":"https:\/\/xprosec.pl\/en\/contact\/","title":{"rendered":"Contact"},"content":{"rendered":"\t\t<div data-elementor-type=\"wp-page\" data-elementor-id=\"3350\" class=\"elementor elementor-3350 elementor-52\">\n\t\t\t\t\t\t\t\t\t<section class=\"elementor-section elementor-top-section elementor-element elementor-element-645cf47 elementor-section-full_width elementor-section-height-default elementor-section-height-default\" data-id=\"645cf47\" data-element_type=\"section\" data-settings=\"{&quot;background_background&quot;:&quot;classic&quot;}\">\n\t\t\t\t\t\t<div class=\"elementor-container elementor-column-gap-no\">\n\t\t\t\t\t<div class=\"elementor-column elementor-col-100 elementor-top-column elementor-element elementor-element-cb44d48\" data-id=\"cb44d48\" data-element_type=\"column\">\n\t\t\t<div class=\"elementor-widget-wrap elementor-element-populated\">\n\t\t\t\t\t\t\t\t<div class=\"elementor-element elementor-element-7ced0f8 elementor-widget elementor-widget-solapa-google-maps\" data-id=\"7ced0f8\" data-element_type=\"widget\" data-widget_type=\"solapa-google-maps.default\">\n\t\t\t\t<div class=\"elementor-widget-container\">\n\t\t\t<div class=\"elementor-custom-embed\">\r\n\t<iframe src=\"https:\/\/maps.google.com\/maps?q=51.75704569025757%2C%2019.463898827601174&#038;t=m&#038;z=13&#038;output=embed&#038;iwloc=near\" title=\"51.75704569025757, 19.463898827601174\" aria-label=\"51.75704569025757, 19.463898827601174\"><\/iframe>\r\n<\/div>\t\t<\/div>\n\t\t\t\t<\/div>\n\t\t\t\t<div class=\"elementor-element elementor-element-e66780e elementor-widget elementor-widget-solapa-contact-form\" data-id=\"e66780e\" data-element_type=\"widget\" data-widget_type=\"solapa-contact-form.default\">\n\t\t\t\t<div class=\"elementor-widget-container\">\n\t\t\t    <!-- Contact One -->\r\n    <section class=\"contact-one\">\r\n        <div class=\"container\">\r\n            <div class=\"row clearfix\">\r\n                <div class=\"col-lg-4 col-md-12 col-sm-12\">\r\n                                            <h2 class=\"contact-one__title\">Contact<\/h2>\r\n                                                                                    <ul class=\"contact-one__info\">\r\n                                                            <li>\r\n                                    <span aria-hidden=\"true\" class=\" icon  icon-location\"><\/span>                                    Address                                    <p>ul. Henryka Sienkiewicza 82\/84<br>\n90-318 \u0141\u00f3d\u017a<br>\nPoland<\/p>\r\n                                <\/li>\r\n                                                            <li>\r\n                                    <span aria-hidden=\"true\" class=\" icon   icon-phone\"><\/span>                                    Phone                                    <p>Marek Ko\u015bmider:  +48 798 596 235<br>\nJaros\u0142aw Jasi\u0144ski: +48 451 560 162<\/p>\r\n                                <\/li>\r\n                                                            <li>\r\n                                    <span aria-hidden=\"true\" class=\" icon   icon-email\"><\/span>                                    Email                                    <p><a href=\"mailto:marek.kosmider@xprosec.pl\">marek.kosmider@xprosec.pl<\/a><br>\n<a href=\"mailto:jaroslaw.jasinski@xprosec.pl\">jaroslaw.jasinski@xprosec.pl<\/a><\/p>\r\n                                <\/li>\r\n                                                    <\/ul>\r\n                                    <\/div>\r\n                <div class=\"col-lg-8 col-md-12 col-sm-12\">\r\n                    <div class=\"contact-one__form-box\">\r\n                                                    <h2 class=\"contact-one__title-two\">Send a message<\/h2>\r\n                                                                        <!-- Contact Form -->\r\n                        <div class=\"contact-form\">\r\n                            <div class=\"wpcf7 no-js\" id=\"wpcf7-f490-o1\" lang=\"en-US\" dir=\"ltr\">\n<div class=\"screen-reader-response\"><p role=\"status\" aria-live=\"polite\" aria-atomic=\"true\"><\/p> <ul><\/ul><\/div>\n<form action=\"\/en\/wp-json\/wp\/v2\/pages\/3350#wpcf7-f490-o1\" method=\"post\" class=\"wpcf7-form init\" aria-label=\"Contact form\" novalidate=\"novalidate\" data-status=\"init\">\n<div style=\"display: none;\">\n<input type=\"hidden\" name=\"_wpcf7\" value=\"490\" \/>\n<input type=\"hidden\" name=\"_wpcf7_version\" value=\"5.7.3\" \/>\n<input type=\"hidden\" name=\"_wpcf7_locale\" value=\"en_US\" \/>\n<input type=\"hidden\" name=\"_wpcf7_unit_tag\" value=\"wpcf7-f490-o1\" \/>\n<input type=\"hidden\" name=\"_wpcf7_container_post\" value=\"0\" \/>\n<input type=\"hidden\" name=\"_wpcf7_posted_data_hash\" value=\"\" \/>\n<\/div>\n<div class=\"row clearfix\">\n        <div class=\"form-group col-lg-6 col-md-6 col-sm-12\"><span class=\"wpcf7-form-control-wrap\" data-name=\"text-436\"><input size=\"40\" class=\"wpcf7-form-control wpcf7-text wpcf7-validates-as-required\" aria-required=\"true\" aria-invalid=\"false\" placeholder=\"Imi\u0119 i nazwisko\" value=\"\" type=\"text\" name=\"text-436\" \/><\/span>\n        <\/div>\n        <div class=\"form-group col-lg-6 col-md-6 col-sm-12\"><span class=\"wpcf7-form-control-wrap\" data-name=\"email-556\"><input size=\"40\" class=\"wpcf7-form-control wpcf7-text wpcf7-email wpcf7-validates-as-required wpcf7-validates-as-email\" aria-required=\"true\" aria-invalid=\"false\" placeholder=\"Adres email\" value=\"\" type=\"email\" name=\"email-556\" \/><\/span><\/div>\n        <div class=\"form-group col-lg-6 col-md-6 col-sm-12\"><span class=\"wpcf7-form-control-wrap\" data-name=\"text-436\"><input size=\"40\" class=\"wpcf7-form-control wpcf7-text wpcf7-validates-as-required\" aria-required=\"true\" aria-invalid=\"false\" placeholder=\"Telefon\" value=\"\" type=\"text\" name=\"text-436\" \/><\/span><\/div>\n        <div class=\"form-group col-lg-6 col-md-6 col-sm-12\"><span class=\"wpcf7-form-control-wrap\" data-name=\"Subject\"><input size=\"40\" class=\"wpcf7-form-control wpcf7-text wpcf7-validates-as-required\" aria-required=\"true\" aria-invalid=\"false\" placeholder=\"Temat\" value=\"\" type=\"text\" name=\"Subject\" \/><\/span><\/div>\n        <div class=\"form-group\"><span class=\"wpcf7-form-control-wrap\" data-name=\"textarea-552\"><textarea cols=\"40\" rows=\"10\" class=\"wpcf7-form-control wpcf7-textarea wpcf7-validates-as-required\" aria-required=\"true\" aria-invalid=\"false\" placeholder=\"Twoja wiadomo\u015b\u0107\" name=\"textarea-552\"><\/textarea><\/span><\/div>\n        <div class=\"form-group\">\n            <button type=\"submit\" class=\"theme-btn btn-style-two\"><span class=\"txt\">Wy\u015blij<\/span><\/button>\n        <\/div>\n<\/div><div class=\"wpcf7-response-output\" aria-hidden=\"true\"><\/div>\n<\/form>\n<\/div>                        <\/div>\r\n                    <\/div>\r\n                <\/div>\r\n            <\/div>\r\n        <\/div>\r\n    <\/section>\r\n    <!-- End Contact One -->\r\n\r\n\t\t<\/div>\n\t\t\t\t<\/div>\n\t\t\t\t\t<\/div>\n\t\t<\/div>\n\t\t\t\t\t\t\t<\/div>\n\t\t<\/section>\n\t\t\t\t\t\t\t<\/div>\n\t\t","protected":false},"excerpt":{"rendered":"<p>Contact Address ul. Henryka Sienkiewicza 82\/84 90-318 \u0141\u00f3d\u017a Poland Phone Marek Ko\u015bmider: +48 798 596 235 Jaros\u0142aw Jasi\u0144ski: +48 451 560 162 Email marek.kosmider@xprosec.pl jaroslaw.jasinski@xprosec.pl Send a message Wy\u015blij<\/p>\n","protected":false},"author":1,"featured_media":0,"parent":0,"menu_order":0,"comment_status":"closed","ping_status":"closed","template":"elementor_header_footer","meta":{"_mi_skip_tracking":false,"footnotes":""},"class_list":["post-3350","page","type-page","status-publish","hentry"],"aioseo_notices":[],"_links":{"self":[{"href":"https:\/\/xprosec.pl\/en\/wp-json\/wp\/v2\/pages\/3350","targetHints":{"allow":["GET"]}}],"collection":[{"href":"https:\/\/xprosec.pl\/en\/wp-json\/wp\/v2\/pages"}],"about":[{"href":"https:\/\/xprosec.pl\/en\/wp-json\/wp\/v2\/types\/page"}],"author":[{"embeddable":true,"href":"https:\/\/xprosec.pl\/en\/wp-json\/wp\/v2\/users\/1"}],"replies":[{"embeddable":true,"href":"https:\/\/xprosec.pl\/en\/wp-json\/wp\/v2\/comments?post=3350"}],"version-history":[{"count":7,"href":"https:\/\/xprosec.pl\/en\/wp-json\/wp\/v2\/pages\/3350\/revisions"}],"predecessor-version":[{"id":3918,"href":"https:\/\/xprosec.pl\/en\/wp-json\/wp\/v2\/pages\/3350\/revisions\/3918"}],"wp:attachment":[{"href":"https:\/\/xprosec.pl\/en\/wp-json\/wp\/v2\/media?parent=3350"}],"curies":[{"name":"wp","href":"https:\/\/api.w.org\/{rel}","templated":true}]}}